{"id":2520,"date":"2019-09-28T05:51:30","date_gmt":"2019-09-28T05:51:30","guid":{"rendered":"http:\/\/wordpress.templatemela.com\/woo\/WCM05\/WCM050116\/elementor\/?page_id=2520"},"modified":"2019-09-28T05:51:30","modified_gmt":"2019-09-28T05:51:30","slug":"right-sidebar","status":"publish","type":"page","link":"https:\/\/frosty-chebyshev.212-227-211-20.plesk.page\/index.php\/right-sidebar\/","title":{"rendered":"Right Sidebar"},"content":{"rendered":"<div id=\"blog-posts-products\" class=\"blog-posts-content posts-content grid style-1\"><div id=\"blog_grid\" class=\"blog-grid grid cols-2\"><div class=\"item container  first\"><div class=\"container-inner\"><div class=\"post-image-outer\"><div class=\"post-image\"><img src=\"https:\/\/frosty-chebyshev.212-227-211-20.plesk.page\/wp-content\/uploads\/2021\/09\/Urna-Pretium-Elit-Mauris-Cursus-Carlos-1200x948_t.jpg\" title=\"Risus Retium Tortor Met\" alt=\"Risus Retium Tortor Met\" \/><div class=\"block_hover\"><div class=\"links\"><a href=\"https:\/\/frosty-chebyshev.212-227-211-20.plesk.page\/wp-content\/uploads\/2021\/09\/Urna-Pretium-Elit-Mauris-Cursus-Carlos.jpg\" class=\"icon mustang-gallery\"><i class=\"fa fa-plus\"><\/i><\/a><a href=\"https:\/\/frosty-chebyshev.212-227-211-20.plesk.page\/index.php\/2021\/07\/18\/risus-retium-tortor-met\/\" class=\"icon\"><i class=\"fa fa-link\"><\/i><\/a><\/div><\/div><\/div><\/div><div class=\"post-content-outer\"><div class=\"entry-meta-blog\"><span class=\"entry-date\"><span class=\"day-year\"><span class=\"fa fa-calendar-o\"><\/span>18 juillet, 2021<\/span><\/span><div class=\"comments-link\"><span class=\"fa fa-comment-o\"><\/span><a href=\"https:\/\/frosty-chebyshev.212-227-211-20.plesk.page\/index.php\/2021\/07\/18\/risus-retium-tortor-met\/\"> Comments (4)<\/a><\/div><\/div><div class=\"post-title\"><a href=\"https:\/\/frosty-chebyshev.212-227-211-20.plesk.page\/index.php\/2021\/07\/18\/risus-retium-tortor-met\/\" title=\"Risus Retium Tortor Met\">Risus Retium Tortor Met<\/a><\/div><div class=\"post-description\">You\u2019re only as good as your last collection, which is an enormous<\/div><\/div><\/div><\/div><div class=\"item container  last\"><div class=\"container-inner\"><div class=\"post-image-outer\"><div class=\"post-image\"><img src=\"https:\/\/frosty-chebyshev.212-227-211-20.plesk.page\/wp-content\/themes\/megashop\/images\/megnor\/placeholder-1200x948_t.png\" title=\"Warum sollten Sie nicht Senden Der Wichtigste Sext\" alt=\"Warum sollten Sie nicht Senden Der Wichtigste Sext\" \/><div class=\"block_hover\"><div class=\"links\"><a href=\"https:\/\/frosty-chebyshev.212-227-211-20.plesk.page\/wp-content\/themes\/megashop\/images\/placeholders\/placeholder.jpg\" class=\"icon mustang-gallery\"><i class=\"fa fa-plus\"><\/i><\/a><a href=\"https:\/\/frosty-chebyshev.212-227-211-20.plesk.page\/index.php\/2023\/07\/31\/warum-sollten-sie-nicht-senden-der-wichtigste-sext\/\" class=\"icon\"><i class=\"fa fa-link\"><\/i><\/a><\/div><\/div><\/div><\/div><div class=\"post-content-outer\"><div class=\"entry-meta-blog\"><span class=\"entry-date\"><span class=\"day-year\"><span class=\"fa fa-calendar-o\"><\/span>31 juillet, 2023<\/span><\/span><div class=\"comments-link\"><span class=\"fa fa-comment-o\"><\/span><a href=\"https:\/\/frosty-chebyshev.212-227-211-20.plesk.page\/index.php\/2023\/07\/31\/warum-sollten-sie-nicht-senden-der-wichtigste-sext\/\"> Comment (0)<\/a> <\/div><\/div><div class=\"post-title\"><a href=\"https:\/\/frosty-chebyshev.212-227-211-20.plesk.page\/index.php\/2023\/07\/31\/warum-sollten-sie-nicht-senden-der-wichtigste-sext\/\" title=\"Warum sollten Sie nicht Senden Der Wichtigste Sext\">Warum sollten Sie nicht Senden Der Wichtigste Sext<\/a><\/div><div class=\"post-description\">\nWarum sollten Sie Niemals Senden Der Erste Sext, enth\u00fcllt   \n<\/div><\/div><\/div><\/div><div class=\"item container  first\"><div class=\"container-inner\"><div class=\"post-image-outer\"><div class=\"post-image\"><img src=\"https:\/\/frosty-chebyshev.212-227-211-20.plesk.page\/wp-content\/themes\/megashop\/images\/megnor\/placeholder-1200x948_t.png\" title=\"WidowsorWidowers.com: Un Sitio web de citas Renewed Desire To Dolor de corazones\" alt=\"WidowsorWidowers.com: Un Sitio web de citas Renewed Desire To Dolor de corazones\" \/><div class=\"block_hover\"><div class=\"links\"><a href=\"https:\/\/frosty-chebyshev.212-227-211-20.plesk.page\/wp-content\/themes\/megashop\/images\/placeholders\/placeholder.jpg\" class=\"icon mustang-gallery\"><i class=\"fa fa-plus\"><\/i><\/a><a href=\"https:\/\/frosty-chebyshev.212-227-211-20.plesk.page\/index.php\/2023\/07\/31\/widowsorwidowers-com-un-sitio-web-de-citas-renewed-desire-to-dolor-de-corazones\/\" class=\"icon\"><i class=\"fa fa-link\"><\/i><\/a><\/div><\/div><\/div><\/div><div class=\"post-content-outer\"><div class=\"entry-meta-blog\"><span class=\"entry-date\"><span class=\"day-year\"><span class=\"fa fa-calendar-o\"><\/span>31 juillet, 2023<\/span><\/span><div class=\"comments-link\"><span class=\"fa fa-comment-o\"><\/span><a href=\"https:\/\/frosty-chebyshev.212-227-211-20.plesk.page\/index.php\/2023\/07\/31\/widowsorwidowers-com-un-sitio-web-de-citas-renewed-desire-to-dolor-de-corazones\/\"> Comment (0)<\/a> <\/div><\/div><div class=\"post-title\"><a href=\"https:\/\/frosty-chebyshev.212-227-211-20.plesk.page\/index.php\/2023\/07\/31\/widowsorwidowers-com-un-sitio-web-de-citas-renewed-desire-to-dolor-de-corazones\/\" title=\"WidowsorWidowers.com: Un Sitio web de citas Renewed Desire To Dolor de corazones\">WidowsorWidowers.com: Un Sitio web de citas Renewed Desire To Dolor de corazones<\/a><\/div><div class=\"post-description\">  El Breve variaci\u00f3n:  siguiente al muerte de un amado un, podr\u00eda ser<\/div><\/div><\/div><\/div><div class=\"item container  last\"><div class=\"container-inner\"><div class=\"post-image-outer\"><div class=\"post-image\"><img src=\"https:\/\/frosty-chebyshev.212-227-211-20.plesk.page\/wp-content\/themes\/megashop\/images\/megnor\/placeholder-1200x948_t.png\" title=\"Dr. Kathleen Malley-Morrison:  placer   une fin \u00e0 Violence One  recherche  \u00e0 tout moment\" alt=\"Dr. Kathleen Malley-Morrison:  placer   une fin \u00e0 Violence One  recherche  \u00e0 tout moment\" \/><div class=\"block_hover\"><div class=\"links\"><a href=\"https:\/\/frosty-chebyshev.212-227-211-20.plesk.page\/wp-content\/themes\/megashop\/images\/placeholders\/placeholder.jpg\" class=\"icon mustang-gallery\"><i class=\"fa fa-plus\"><\/i><\/a><a href=\"https:\/\/frosty-chebyshev.212-227-211-20.plesk.page\/index.php\/2023\/07\/31\/dr-kathleen-malley-morrison-placer-une-fin-a-violence-one-recherche-a-tout-moment\/\" class=\"icon\"><i class=\"fa fa-link\"><\/i><\/a><\/div><\/div><\/div><\/div><div class=\"post-content-outer\"><div class=\"entry-meta-blog\"><span class=\"entry-date\"><span class=\"day-year\"><span class=\"fa fa-calendar-o\"><\/span>31 juillet, 2023<\/span><\/span><div class=\"comments-link\"><span class=\"fa fa-comment-o\"><\/span><a href=\"https:\/\/frosty-chebyshev.212-227-211-20.plesk.page\/index.php\/2023\/07\/31\/dr-kathleen-malley-morrison-placer-une-fin-a-violence-one-recherche-a-tout-moment\/\"> Comment (0)<\/a> <\/div><\/div><div class=\"post-title\"><a href=\"https:\/\/frosty-chebyshev.212-227-211-20.plesk.page\/index.php\/2023\/07\/31\/dr-kathleen-malley-morrison-placer-une-fin-a-violence-one-recherche-a-tout-moment\/\" title=\"Dr. Kathleen Malley-Morrison:  placer   une fin \u00e0 Violence One  recherche  \u00e0 tout moment\">Dr. Kathleen Malley-Morrison:  placer   une fin \u00e0 Violence One  recherche  \u00e0 tout moment<\/a><\/div><div class=\"post-description\">  Non seulement fournit Dr. Kathleen Malley-Morrison d\u00e9di\u00e9e la derni\u00e8re<\/div><\/div><\/div><\/div><div class=\"item container  first\"><div class=\"container-inner\"><div class=\"post-image-outer\"><div class=\"post-image\"><img src=\"https:\/\/frosty-chebyshev.212-227-211-20.plesk.page\/wp-content\/themes\/megashop\/images\/megnor\/placeholder-1200x948_t.png\" title=\"Por qu\u00e9 hacerlo  Voy  En las fechas  Que no Conducir a   Un compromiso?\" alt=\"Por qu\u00e9 hacerlo  Voy  En las fechas  Que no Conducir a   Un compromiso?\" \/><div class=\"block_hover\"><div class=\"links\"><a href=\"https:\/\/frosty-chebyshev.212-227-211-20.plesk.page\/wp-content\/themes\/megashop\/images\/placeholders\/placeholder.jpg\" class=\"icon mustang-gallery\"><i class=\"fa fa-plus\"><\/i><\/a><a href=\"https:\/\/frosty-chebyshev.212-227-211-20.plesk.page\/index.php\/2023\/07\/31\/por-que-hacerlo-voy-en-las-fechas-que-no-conducir-a-un-compromiso\/\" class=\"icon\"><i class=\"fa fa-link\"><\/i><\/a><\/div><\/div><\/div><\/div><div class=\"post-content-outer\"><div class=\"entry-meta-blog\"><span class=\"entry-date\"><span class=\"day-year\"><span class=\"fa fa-calendar-o\"><\/span>31 juillet, 2023<\/span><\/span><div class=\"comments-link\"><span class=\"fa fa-comment-o\"><\/span><a href=\"https:\/\/frosty-chebyshev.212-227-211-20.plesk.page\/index.php\/2023\/07\/31\/por-que-hacerlo-voy-en-las-fechas-que-no-conducir-a-un-compromiso\/\"> Comment (0)<\/a> <\/div><\/div><div class=\"post-title\"><a href=\"https:\/\/frosty-chebyshev.212-227-211-20.plesk.page\/index.php\/2023\/07\/31\/por-que-hacerlo-voy-en-las-fechas-que-no-conducir-a-un-compromiso\/\" title=\"Por qu\u00e9 hacerlo  Voy  En las fechas  Que no Conducir a   Un compromiso?\">Por qu\u00e9 hacerlo  Voy  En las fechas  Que no Conducir a   Un compromiso?<\/a><\/div><div class=\"post-description\"> Lector Pregunta:   \u00bfPor qu\u00e9 voy en numerosos horas y no requieren crear<\/div><\/div><\/div><\/div><div class=\"item container  last\"><div class=\"container-inner\"><div class=\"post-image-outer\"><div class=\"post-image\"><img src=\"https:\/\/frosty-chebyshev.212-227-211-20.plesk.page\/wp-content\/themes\/megashop\/images\/megnor\/placeholder-1200x948_t.png\" title=\"Women Confess The Single Thing They would Never Admit For Their Associates\" alt=\"Women Confess The Single Thing They would Never Admit For Their Associates\" \/><div class=\"block_hover\"><div class=\"links\"><a href=\"https:\/\/frosty-chebyshev.212-227-211-20.plesk.page\/wp-content\/themes\/megashop\/images\/placeholders\/placeholder.jpg\" class=\"icon mustang-gallery\"><i class=\"fa fa-plus\"><\/i><\/a><a href=\"https:\/\/frosty-chebyshev.212-227-211-20.plesk.page\/index.php\/2023\/07\/29\/women-confess-the-single-thing-they-would-never-admit-for-their-associates\/\" class=\"icon\"><i class=\"fa fa-link\"><\/i><\/a><\/div><\/div><\/div><\/div><div class=\"post-content-outer\"><div class=\"entry-meta-blog\"><span class=\"entry-date\"><span class=\"day-year\"><span class=\"fa fa-calendar-o\"><\/span>29 juillet, 2023<\/span><\/span><div class=\"comments-link\"><span class=\"fa fa-comment-o\"><\/span><a href=\"https:\/\/frosty-chebyshev.212-227-211-20.plesk.page\/index.php\/2023\/07\/29\/women-confess-the-single-thing-they-would-never-admit-for-their-associates\/\"> Comment (0)<\/a> <\/div><\/div><div class=\"post-title\"><a href=\"https:\/\/frosty-chebyshev.212-227-211-20.plesk.page\/index.php\/2023\/07\/29\/women-confess-the-single-thing-they-would-never-admit-for-their-associates\/\" title=\"Women Confess The Single Thing They would Never Admit For Their Associates\">Women Confess The Single Thing They would Never Admit For Their Associates<\/a><\/div><div class=\"post-description\">\nLadies Reveal the thing they would never ever inform Il loro unico<\/div><\/div><\/div><\/div><div class=\"item container  first\"><div class=\"container-inner\"><div class=\"post-image-outer\"><div class=\"post-image\"><img src=\"https:\/\/frosty-chebyshev.212-227-211-20.plesk.page\/wp-content\/themes\/megashop\/images\/megnor\/placeholder-1200x948_t.png\" title=\"CheekyLovers Revisi\u00f3n  2021\" alt=\"CheekyLovers Revisi\u00f3n  2021\" \/><div class=\"block_hover\"><div class=\"links\"><a href=\"https:\/\/frosty-chebyshev.212-227-211-20.plesk.page\/wp-content\/themes\/megashop\/images\/placeholders\/placeholder.jpg\" class=\"icon mustang-gallery\"><i class=\"fa fa-plus\"><\/i><\/a><a href=\"https:\/\/frosty-chebyshev.212-227-211-20.plesk.page\/index.php\/2023\/07\/28\/cheekylovers-revision-2021\/\" class=\"icon\"><i class=\"fa fa-link\"><\/i><\/a><\/div><\/div><\/div><\/div><div class=\"post-content-outer\"><div class=\"entry-meta-blog\"><span class=\"entry-date\"><span class=\"day-year\"><span class=\"fa fa-calendar-o\"><\/span>28 juillet, 2023<\/span><\/span><div class=\"comments-link\"><span class=\"fa fa-comment-o\"><\/span><a href=\"https:\/\/frosty-chebyshev.212-227-211-20.plesk.page\/index.php\/2023\/07\/28\/cheekylovers-revision-2021\/\"> Comment (0)<\/a> <\/div><\/div><div class=\"post-title\"><a href=\"https:\/\/frosty-chebyshev.212-227-211-20.plesk.page\/index.php\/2023\/07\/28\/cheekylovers-revision-2021\/\" title=\"CheekyLovers Revisi\u00f3n  2021\">CheekyLovers Revisi\u00f3n  2021<\/a><\/div><div class=\"post-description\">  \u00bfHas estado harto de seleccionar propio pareja y pensar que quiz\u00e1s<\/div><\/div><\/div><\/div><\/div><\/div>\n","protected":false},"excerpt":{"rendered":"\u00bfHas estado harto de seleccionar propio pareja y pensar que quiz\u00e1s nunca encontrar cualquiera que est\u00e1 bastante listo para crear duradero conexi\u00f3n junto contigo? Entonces es probable que deber\u00edas intentar buscar tu c\u00f3nyuge usando Internet, y CheekyLovers podr\u00eda ser la m\u00e1s adecuada elecci\u00f3n en este caso. Este en la web plataforma est\u00e1 lleno de personas [...]","protected":false},"author":1,"featured_media":0,"parent":0,"menu_order":0,"comment_status":"closed","ping_status":"closed","template":"page-templates\/blog-list.php","meta":[],"yoast_head":"<!-- This site is optimized with the Yoast SEO plugin v19.6 - https:\/\/yoast.com\/wordpress\/plugins\/seo\/ -->\n<title>Right Sidebar - Shop<\/title>\n<meta name=\"robots\" content=\"index, follow, max-snippet:-1, max-image-preview:large, max-video-preview:-1\" \/>\n<link rel=\"canonical\" href=\"https:\/\/frosty-chebyshev.212-227-211-20.plesk.page\/index.php\/right-sidebar\/\" \/>\n<meta property=\"og:locale\" content=\"fr_FR\" \/>\n<meta property=\"og:type\" content=\"article\" \/>\n<meta property=\"og:title\" content=\"Right Sidebar - Shop\" \/>\n<meta property=\"og:url\" content=\"https:\/\/frosty-chebyshev.212-227-211-20.plesk.page\/index.php\/right-sidebar\/\" \/>\n<meta property=\"og:site_name\" content=\"Shop\" \/>\n<meta name=\"twitter:card\" content=\"summary_large_image\" \/>\n<script type=\"application\/ld+json\" class=\"yoast-schema-graph\">{\"@context\":\"https:\/\/schema.org\",\"@graph\":[{\"@type\":\"WebPage\",\"@id\":\"https:\/\/frosty-chebyshev.212-227-211-20.plesk.page\/index.php\/right-sidebar\/\",\"url\":\"https:\/\/frosty-chebyshev.212-227-211-20.plesk.page\/index.php\/right-sidebar\/\",\"name\":\"Right Sidebar - Shop\",\"isPartOf\":{\"@id\":\"https:\/\/frosty-chebyshev.212-227-211-20.plesk.page\/#website\"},\"datePublished\":\"2019-09-28T05:51:30+00:00\",\"dateModified\":\"2019-09-28T05:51:30+00:00\",\"breadcrumb\":{\"@id\":\"https:\/\/frosty-chebyshev.212-227-211-20.plesk.page\/index.php\/right-sidebar\/#breadcrumb\"},\"inLanguage\":\"fr-FR\",\"potentialAction\":[{\"@type\":\"ReadAction\",\"target\":[\"https:\/\/frosty-chebyshev.212-227-211-20.plesk.page\/index.php\/right-sidebar\/\"]}]},{\"@type\":\"BreadcrumbList\",\"@id\":\"https:\/\/frosty-chebyshev.212-227-211-20.plesk.page\/index.php\/right-sidebar\/#breadcrumb\",\"itemListElement\":[{\"@type\":\"ListItem\",\"position\":1,\"name\":\"Home\",\"item\":\"https:\/\/frosty-chebyshev.212-227-211-20.plesk.page\/\"},{\"@type\":\"ListItem\",\"position\":2,\"name\":\"Right Sidebar\"}]},{\"@type\":\"WebSite\",\"@id\":\"https:\/\/frosty-chebyshev.212-227-211-20.plesk.page\/#website\",\"url\":\"https:\/\/frosty-chebyshev.212-227-211-20.plesk.page\/\",\"name\":\"Shop\",\"description\":\"Just another WordPress site\",\"potentialAction\":[{\"@type\":\"SearchAction\",\"target\":{\"@type\":\"EntryPoint\",\"urlTemplate\":\"https:\/\/frosty-chebyshev.212-227-211-20.plesk.page\/?s={search_term_string}\"},\"query-input\":\"required name=search_term_string\"}],\"inLanguage\":\"fr-FR\"}]}<\/script>\n<!-- \/ Yoast SEO plugin. -->","yoast_head_json":{"title":"Right Sidebar - Shop","robots":{"index":"index","follow":"follow","max-snippet":"max-snippet:-1","max-image-preview":"max-image-preview:large","max-video-preview":"max-video-preview:-1"},"canonical":"https:\/\/frosty-chebyshev.212-227-211-20.plesk.page\/index.php\/right-sidebar\/","og_locale":"fr_FR","og_type":"article","og_title":"Right Sidebar - Shop","og_url":"https:\/\/frosty-chebyshev.212-227-211-20.plesk.page\/index.php\/right-sidebar\/","og_site_name":"Shop","twitter_card":"summary_large_image","schema":{"@context":"https:\/\/schema.org","@graph":[{"@type":"WebPage","@id":"https:\/\/frosty-chebyshev.212-227-211-20.plesk.page\/index.php\/right-sidebar\/","url":"https:\/\/frosty-chebyshev.212-227-211-20.plesk.page\/index.php\/right-sidebar\/","name":"Right Sidebar - Shop","isPartOf":{"@id":"https:\/\/frosty-chebyshev.212-227-211-20.plesk.page\/#website"},"datePublished":"2019-09-28T05:51:30+00:00","dateModified":"2019-09-28T05:51:30+00:00","breadcrumb":{"@id":"https:\/\/frosty-chebyshev.212-227-211-20.plesk.page\/index.php\/right-sidebar\/#breadcrumb"},"inLanguage":"fr-FR","potentialAction":[{"@type":"ReadAction","target":["https:\/\/frosty-chebyshev.212-227-211-20.plesk.page\/index.php\/right-sidebar\/"]}]},{"@type":"BreadcrumbList","@id":"https:\/\/frosty-chebyshev.212-227-211-20.plesk.page\/index.php\/right-sidebar\/#breadcrumb","itemListElement":[{"@type":"ListItem","position":1,"name":"Home","item":"https:\/\/frosty-chebyshev.212-227-211-20.plesk.page\/"},{"@type":"ListItem","position":2,"name":"Right Sidebar"}]},{"@type":"WebSite","@id":"https:\/\/frosty-chebyshev.212-227-211-20.plesk.page\/#website","url":"https:\/\/frosty-chebyshev.212-227-211-20.plesk.page\/","name":"Shop","description":"Just another WordPress site","potentialAction":[{"@type":"SearchAction","target":{"@type":"EntryPoint","urlTemplate":"https:\/\/frosty-chebyshev.212-227-211-20.plesk.page\/?s={search_term_string}"},"query-input":"required name=search_term_string"}],"inLanguage":"fr-FR"}]}},"_links":{"self":[{"href":"https:\/\/frosty-chebyshev.212-227-211-20.plesk.page\/index.php\/wp-json\/wp\/v2\/pages\/2520"}],"collection":[{"href":"https:\/\/frosty-chebyshev.212-227-211-20.plesk.page\/index.php\/wp-json\/wp\/v2\/pages"}],"about":[{"href":"https:\/\/frosty-chebyshev.212-227-211-20.plesk.page\/index.php\/wp-json\/wp\/v2\/types\/page"}],"author":[{"embeddable":true,"href":"https:\/\/frosty-chebyshev.212-227-211-20.plesk.page\/index.php\/wp-json\/wp\/v2\/users\/1"}],"replies":[{"embeddable":true,"href":"https:\/\/frosty-chebyshev.212-227-211-20.plesk.page\/index.php\/wp-json\/wp\/v2\/comments?post=2520"}],"version-history":[{"count":0,"href":"https:\/\/frosty-chebyshev.212-227-211-20.plesk.page\/index.php\/wp-json\/wp\/v2\/pages\/2520\/revisions"}],"wp:attachment":[{"href":"https:\/\/frosty-chebyshev.212-227-211-20.plesk.page\/index.php\/wp-json\/wp\/v2\/media?parent=2520"}],"curies":[{"name":"wp","href":"https:\/\/api.w.org\/{rel}","templated":true}]}}